{"id":602,"date":"2026-02-04T00:56:56","date_gmt":"2026-02-04T00:56:56","guid":{"rendered":"https:\/\/patsecuritysolutions.co.ke\/shop\/?post_type=product&#038;p=602"},"modified":"2026-02-04T01:00:05","modified_gmt":"2026-02-04T01:00:05","slug":"heavy-duty-foldable-rivet-gun","status":"publish","type":"product","link":"https:\/\/patsecuritysolutions.co.ke\/shop\/heavy-duty-foldable-rivet-gun\/","title":{"rendered":"Heavy Duty Foldable Rivet Gun"},"content":{"rendered":"","protected":false},"excerpt":{"rendered":"<p>Heavy Duty Foldable Rivet Gun;<\/p>\n<ul>\n<li><span class=\"a-list-item\">Innovation design energy saving more than 20% <\/span><\/li>\n<li><span class=\"a-list-item\"> Material: Aluminum Alloy and 45# Steel. <\/span><\/li>\n<li><span class=\"a-list-item\"> Head Adjustable <\/span><\/li>\n<li><span class=\"a-list-item\"> Suitable Range: Core pulling riveting for materials such as steel, AI with \u00f83.2mm, \u00f84.0mm, \u00f84.8mm, \u00f86.0mm and \u00f86.4mm <\/span><\/li>\n<li><span class=\"a-list-item\"> Working Stroke: 10mm Pulling Force: &gt;= 9000N <\/span><\/li>\n<\/ul>\n<p>&nbsp;<\/p>\n","protected":false},"featured_media":668,"template":"","meta":{"_exactmetrics_skip_tracking":false,"_exactmetrics_sitenote_active":false,"_exactmetrics_sitenote_note":"","_exactmetrics_sitenote_category":0},"product_brand":[],"product_cat":[19],"product_tag":[],"class_list":{"0":"post-602","1":"product","2":"type-product","3":"status-publish","4":"has-post-thumbnail","6":"product_cat-razor-wire-and-electric-fence","7":"product_shipping_class-small-equipment","9":"first","10":"instock","11":"sale","12":"purchasable","13":"product-type-simple"},"jetpack_sharing_enabled":true,"_links":{"self":[{"href":"https:\/\/patsecuritysolutions.co.ke\/shop\/wp-json\/wp\/v2\/product\/602","targetHints":{"allow":["GET"]}}],"collection":[{"href":"https:\/\/patsecuritysolutions.co.ke\/shop\/wp-json\/wp\/v2\/product"}],"about":[{"href":"https:\/\/patsecuritysolutions.co.ke\/shop\/wp-json\/wp\/v2\/types\/product"}],"wp:featuredmedia":[{"embeddable":true,"href":"https:\/\/patsecuritysolutions.co.ke\/shop\/wp-json\/wp\/v2\/media\/668"}],"wp:attachment":[{"href":"https:\/\/patsecuritysolutions.co.ke\/shop\/wp-json\/wp\/v2\/media?parent=602"}],"wp:term":[{"taxonomy":"product_brand","embeddable":true,"href":"https:\/\/patsecuritysolutions.co.ke\/shop\/wp-json\/wp\/v2\/product_brand?post=602"},{"taxonomy":"product_cat","embeddable":true,"href":"https:\/\/patsecuritysolutions.co.ke\/shop\/wp-json\/wp\/v2\/product_cat?post=602"},{"taxonomy":"product_tag","embeddable":true,"href":"https:\/\/patsecuritysolutions.co.ke\/shop\/wp-json\/wp\/v2\/product_tag?post=602"}],"curies":[{"name":"wp","href":"https:\/\/api.w.org\/{rel}","templated":true}]}}